{"id":3006,"date":"2023-11-18T06:56:37","date_gmt":"2023-11-18T03:56:37","guid":{"rendered":"https:\/\/prague.foxthemes.me\/elementor\/?page_id=3006"},"modified":"2025-12-25T11:12:26","modified_gmt":"2025-12-25T08:12:26","slug":"main-home","status":"publish","type":"page","link":"https:\/\/www.crnpeyzaj.com\/","title":{"rendered":"Anasayfa"},"content":{"rendered":"\t\t<div data-elementor-type=\"wp-page\" data-elementor-id=\"3006\" class=\"elementor elementor-3006\">\n\t\t\t\t<div class=\"elementor-element elementor-element-918e5a1 e-con-full animated-slow e-flex elementor-invisible e-con e-parent\" data-id=\"918e5a1\" data-element_type=\"container\" data-e-type=\"container\" data-settings=\"{&quot;background_background&quot;:&quot;slideshow&quot;,&quot;background_slideshow_gallery&quot;:[{&quot;id&quot;:5301,&quot;url&quot;:&quot;https:\\\/\\\/www.crnpeyzaj.com\\\/wp-content\\\/uploads\\\/2025\\\/08\\\/slider.jpg&quot;},{&quot;id&quot;:7220,&quot;url&quot;:&quot;https:\\\/\\\/www.crnpeyzaj.com\\\/wp-content\\\/uploads\\\/2025\\\/10\\\/slider01.jpg&quot;},{&quot;id&quot;:6416,&quot;url&quot;:&quot;https:\\\/\\\/www.crnpeyzaj.com\\\/wp-content\\\/uploads\\\/2025\\\/08\\\/delphin_imperial_hotel_1.jpg&quot;}],&quot;background_slideshow_slide_duration&quot;:3000,&quot;animation&quot;:&quot;fadeIn&quot;,&quot;shape_divider_top&quot;:&quot;tilt&quot;,&quot;background_slideshow_loop&quot;:&quot;yes&quot;,&quot;background_slideshow_slide_transition&quot;:&quot;fade&quot;,&quot;background_slideshow_transition_duration&quot;:500}\">\n\t\t\t\t<div class=\"elementor-shape elementor-shape-top\" aria-hidden=\"true\" data-negative=\"false\">\n\t\t\t<svg xmlns=\"http:\/\/www.w3.org\/2000\/svg\" viewBox=\"0 0 1000 100\" preserveAspectRatio=\"none\">\n\t<path class=\"elementor-shape-fill\" d=\"M0,6V0h1000v100L0,6z\"\/>\n<\/svg>\t\t<\/div>\n\t\t\t\t<div class=\"elementor-element elementor-element-0415781 elementor-widget__width-inherit animated-slow elementor-invisible elementor-widget elementor-widget-banner-title\" data-id=\"0415781\" data-element_type=\"widget\" data-e-type=\"widget\" data-settings=\"{&quot;_animation&quot;:&quot;fadeInDown&quot;}\" data-widget_type=\"banner-title.default\">\n\t\t\t\t<div class=\"elementor-widget-container\">\n\t\t\t\t\t\t\t<section class=\"container-fluid top-banner no-padd  simple fullheight light\">\t\t\t\t<span class=\"overlay\"><\/span>\n\t\t\t\t\t\t<div class=\"content\">\n\t\t\t\t<div class=\"prague-svg-animation-text\">\n\t\t\t\t\t\t\t\t\t<\/div>\n\t\t\t\t<div class=\"subtitle\">HER DETAY \u00d6NEML\u0130<\/div>\t\t\t\t<h1 class=\"title\">Do\u011fay\u0131 estetikle bulu\u015fturuyoruz<\/h1>\t\t\t\t\t\t\t\t\t\t\t<\/div>\n\t\t\t<div class=\"top-banner-cursor\"><\/div>\n\t\t<\/section>\n\t\t\t\t\t\t<\/div>\n\t\t\t\t<\/div>\n\t\t\t\t<\/div>\n\t\t<div class=\"elementor-element elementor-element-014df1c e-flex e-con-boxed e-con e-parent\" data-id=\"014df1c\" data-element_type=\"container\" data-e-type=\"container\">\n\t\t\t\t\t<div class=\"e-con-inner\">\n\t\t<div class=\"elementor-element elementor-element-be462bf e-con-full e-flex e-con e-child\" data-id=\"be462bf\" data-element_type=\"container\" data-e-type=\"container\">\n\t\t\t\t<div class=\"elementor-element elementor-element-f10d657 elementor-widget elementor-widget-image\" data-id=\"f10d657\" data-element_type=\"widget\" data-e-type=\"widget\" data-widget_type=\"image.default\">\n\t\t\t\t\t\t\t\t\t\t\t\t\t\t\t<img decoding=\"async\" src=\"https:\/\/www.crnpeyzaj.com\/wp-content\/uploads\/elementor\/thumbs\/hakkimizda_home-rgmricm8lelsnz1b9p8hdr4nuudgwqkoxvw7kr0cxc.png\" title=\"hakkimizda_home\" alt=\"hakkimizda_home\" loading=\"lazy\" \/>\t\t\t\t\t\t\t\t\t\t\t\t\t\t\t<\/div>\n\t\t\t\t<\/div>\n\t\t<div class=\"elementor-element elementor-element-f59c469 e-con-full e-flex e-con e-child\" data-id=\"f59c469\" data-element_type=\"container\" data-e-type=\"container\">\n\t\t\t\t<div class=\"elementor-element elementor-element-3a54bb4 elementor-widget elementor-widget-headings-widget\" data-id=\"3a54bb4\" data-element_type=\"widget\" data-e-type=\"widget\" data-widget_type=\"headings-widget.default\">\n\t\t\t\t<div class=\"elementor-widget-container\">\n\t\t\t\t\t            <div class=\"heading  Center dark \">\n\t\t\t\t\n\t\t\t\t                    <div class=\"subtitle divider\">KEZ\u0130BAN ARICAN<\/div>\n                                                    <h2 class=\"title s\">Yery\u00fcz\u00fcn\u00fcn de\u011fi\u015fmedi\u011fine tan\u0131k olan var m\u0131 ?<\/h2>\n                \t\t\t\t                <div class=\"content \">\n                    <p><p>CRN yery\u00fcz\u00fcn\u00fc yeniden tasarlamak isteyen insanlar\u0131n elinde deneyimli bir kalem. \u0130\u015fimiz tabiat\u0131n ve ya\u015fam\u0131n kullan\u0131c\u0131lar\u0131n\u0131n kalbine dokunaca\u011f\u0131 ya\u015fam alanlar\u0131 tasarlamak. G\u00f6z\u00fcn, kula\u011f\u0131n, tenin, sesin i\u00e7inde huzur bulaca\u011f\u0131 mekanlar yaratmak.<\/p><p>Bizim \u00e7abam\u0131z, akl\u0131m\u0131z\u0131n tohumlar\u0131n\u0131 kalbimizde \u00e7imlendirip, k\u0131ymet bilen ellerde b\u00fcy\u00fctmek...<\/p><p>Hi\u00e7 \u00fc\u015fenmeden; \u201c<em>Yery\u00fcz\u00fc a\u015fk\u0131n y\u00fcz\u00fc oluncaya dek<\/em>\u201d.<\/p><\/p><\/div>\n\t\t\t\t\n            <\/div>\n\t\t\t\t\t\t\t<\/div>\n\t\t\t\t<\/div>\n\t\t\t\t<\/div>\n\t\t\t\t\t<\/div>\n\t\t\t\t<\/div>\n\t\t<div class=\"elementor-element elementor-element-6c5dc279 e-flex e-con-boxed e-con e-parent\" data-id=\"6c5dc279\" data-element_type=\"container\" data-e-type=\"container\">\n\t\t\t\t\t<div class=\"e-con-inner\">\n\t\t\t\t<div class=\"elementor-element elementor-element-59fceaf5 elementor-widget__width-inherit elementor-widget elementor-widget-headings-widget\" data-id=\"59fceaf5\" data-element_type=\"widget\" data-e-type=\"widget\" data-widget_type=\"headings-widget.default\">\n\t\t\t\t<div class=\"elementor-widget-container\">\n\t\t\t\t\t            <div class=\"heading  left dark \">\n\t\t\t\t\n\t\t\t\t                    <div class=\"subtitle \">PROJELER\u0130M\u0130Z\u0130<\/div>\n                                                    <h2 class=\"title s\">TUTKUYLA YAPIYORUZ...<\/h2>\n                \t\t\t\t\n\t\t\t\t\n            <\/div>\n\t\t\t\t\t\t\t<\/div>\n\t\t\t\t<\/div>\n\t\t\t\t\t<\/div>\n\t\t\t\t<\/div>\n\t\t<div class=\"elementor-element elementor-element-8cbb1d2 e-flex e-con-boxed e-con e-parent\" data-id=\"8cbb1d2\" data-element_type=\"container\" data-e-type=\"container\">\n\t\t\t\t\t<div class=\"e-con-inner\">\n\t\t\t\t<div class=\"elementor-element elementor-element-bf1ce72 elementor-widget elementor-widget-custom-post-type-widget\" data-id=\"bf1ce72\" data-element_type=\"widget\" data-e-type=\"widget\" data-widget_type=\"custom-post-type-widget.default\">\n\t\t\t\t<div class=\"elementor-widget-container\">\n\t\t\t\t\t<div data-unique-key=\"139714cb2b9c35c987d2544328454258\" class=\"js-load-more\" data-start-page=\"1\" data-max-page=\"7\" data-next-link=\"https:\/\/www.crnpeyzaj.com\/index.php\/wp-json\/wp\/v2\/pages\/3006\/page\/2\/\"><div class=\"row prague_list   js-load-more-block no-footer-content no-figure prague-load-wrapper\" data-columns=\"\" data-gap=\"\"><div class=\"project-list-item js-filter-simple-block\"> \n\t<div class=\"project-list-outer\">\n\n\t\t\t\t<div class=\"trans_figures enable_anima\">\n\t\t\t<svg xmlns=\"http:\/\/www.w3.org\/2000\/svg\"\n\t\t\t   preserveAspectRatio=\"xMidYMid meet\">\n\n\t\t\t     \t\t\t       <polygon fill=\"transparent\" points=\"0 200,0 0,200, 0\"  \/>\n\t\t\t     \n\t\t\t<\/svg>\n\t\t<\/div>\n\t\t\t\t\n\t\t<div class=\"project-list-wrapper\">\n\n\t\t\t<div class=\"project-list-img\"> \n\t\t\t\t<img fetchpriority=\"high\" decoding=\"async\" width=\"1536\" height=\"900\" src=\"https:\/\/www.crnpeyzaj.com\/wp-content\/uploads\/2025\/10\/Sueno_Hotels_Deluxe_Belek_14.jpg\" class=\"s-img-switch wp-post-image\" alt=\"\" srcset=\"https:\/\/www.crnpeyzaj.com\/wp-content\/uploads\/2025\/10\/Sueno_Hotels_Deluxe_Belek_14.jpg 1536w, https:\/\/www.crnpeyzaj.com\/wp-content\/uploads\/2025\/10\/Sueno_Hotels_Deluxe_Belek_14-300x176.jpg 300w, https:\/\/www.crnpeyzaj.com\/wp-content\/uploads\/2025\/10\/Sueno_Hotels_Deluxe_Belek_14-1024x600.jpg 1024w, https:\/\/www.crnpeyzaj.com\/wp-content\/uploads\/2025\/10\/Sueno_Hotels_Deluxe_Belek_14-150x88.jpg 150w, https:\/\/www.crnpeyzaj.com\/wp-content\/uploads\/2025\/10\/Sueno_Hotels_Deluxe_Belek_14-768x450.jpg 768w, https:\/\/www.crnpeyzaj.com\/wp-content\/uploads\/2025\/10\/Sueno_Hotels_Deluxe_Belek_14-500x293.jpg 500w, https:\/\/www.crnpeyzaj.com\/wp-content\/uploads\/2025\/10\/Sueno_Hotels_Deluxe_Belek_14-600x352.jpg 600w\" sizes=\"(max-width: 1536px) 100vw, 1536px\" \/>\t\t\t<\/div>\n\n\t\t\t<div class=\"project-list-content\">\n\n\t\t\t\t \n\n\t\t\t\t<h3 class=\"project-list-title\"><a href=\"https:\/\/www.crnpeyzaj.com\/index.php\/projects-item\/sueno-hotels-deluxe\/\" target=\"_blank\">SUENO HOTELS DELUXE<\/a><\/h3>\n\t\t\t\t<div class=\"project-list-excerpt\">\n\t\t\t\t\t<p><p><B>\u0130\u015fveren :<\/B> Telerko Turizm Anonim \u015eirketi<br \/>\nProje Tipi: Peyzaj Tasar\u0131m Projesi<br \/>\n<B>Konum :<\/B> Belek \u2013 Serik \/ Antalya<br \/>\n<B>Proje Alan\u0131 :<\/B> 128.486 m2<br \/>\n<B>Uygulama :<\/B> Peyzaj Tasar\u0131m Projesi &#038;Uygulama &#038; Kontroll\u00fck Hizmetleri<br \/>\n<B>Tarih :<\/B> 2013-2015<\/p>\n<\/p>\n\t\t\t\t<\/div>\n\n\t\t\t\t<a href=\"https:\/\/www.crnpeyzaj.com\/index.php\/projects-item\/sueno-hotels-deluxe\/\" class=\"project-list-link a-btn-arrow-2\" target=\"_blank\">\n\t\t\t\t\t<span class=\"arrow-right\"><\/span>\n\t\t\t\t\tREAD\t\t\t\t<\/a>\n\n\t\t\t<\/div>\n\t\t<\/div>\n\t<\/div>\n<\/div><div class=\"project-list-item js-filter-simple-block column_paralax\"> \n\t<div class=\"project-list-outer\">\n\n\t\t\t\t<div class=\"trans_figures enable_anima\">\n\t\t\t<svg xmlns=\"http:\/\/www.w3.org\/2000\/svg\"\n\t\t\t   preserveAspectRatio=\"xMidYMid meet\">\n\n\t\t\t     \t\t\t       <circle fill=\"transparent\" cx=\"100\" cy=\"100\" r=\"100\"  \/>\n\t\t\t     \n\t\t\t<\/svg>\n\t\t<\/div>\n\t\t\t\t\n\t\t<div class=\"project-list-wrapper\">\n\n\t\t\t<div class=\"project-list-img\"> \n\t\t\t\t<img decoding=\"async\" width=\"1536\" height=\"900\" src=\"https:\/\/www.crnpeyzaj.com\/wp-content\/uploads\/2025\/10\/Cullinan_Belek_01.jpg\" class=\"s-img-switch wp-post-image\" alt=\"\" srcset=\"https:\/\/www.crnpeyzaj.com\/wp-content\/uploads\/2025\/10\/Cullinan_Belek_01.jpg 1536w, https:\/\/www.crnpeyzaj.com\/wp-content\/uploads\/2025\/10\/Cullinan_Belek_01-300x176.jpg 300w, https:\/\/www.crnpeyzaj.com\/wp-content\/uploads\/2025\/10\/Cullinan_Belek_01-1024x600.jpg 1024w, https:\/\/www.crnpeyzaj.com\/wp-content\/uploads\/2025\/10\/Cullinan_Belek_01-150x88.jpg 150w, https:\/\/www.crnpeyzaj.com\/wp-content\/uploads\/2025\/10\/Cullinan_Belek_01-768x450.jpg 768w, https:\/\/www.crnpeyzaj.com\/wp-content\/uploads\/2025\/10\/Cullinan_Belek_01-500x293.jpg 500w, https:\/\/www.crnpeyzaj.com\/wp-content\/uploads\/2025\/10\/Cullinan_Belek_01-600x352.jpg 600w\" sizes=\"(max-width: 1536px) 100vw, 1536px\" \/>\t\t\t<\/div>\n\n\t\t\t<div class=\"project-list-content\">\n\n\t\t\t\t \n\n\t\t\t\t<h3 class=\"project-list-title\"><a href=\"https:\/\/www.crnpeyzaj.com\/index.php\/projects-item\/cullinan-hotels\/\" target=\"_blank\">CULLINAN HOTELS<\/a><\/h3>\n\t\t\t\t<div class=\"project-list-excerpt\">\n\t\t\t\t\t<p><p><B>\u0130\u015fveren :<\/B> G\u00fcnaylar Otel \u0130\u015fletmeleri \u0130n\u015f. San. ve Tic. A.\u015e<br \/>\n<B>Proje Tipi :<\/B> Peyzaj Tasar\u0131m Projesi<br \/>\n<B>Konum :<\/B> Belek-Serik \/ Antalya<br \/>\n<B>Proje Alan\u0131 :<\/B> 85.000 m2<br \/>\n<B>Uygulama :<\/B> Peyzaj Tasar\u0131m Projesi &#038; Uygulama &#038; Kontroll\u00fck Hizmetleri<br \/>\n<B>Tarih :<\/B> 2021-2022 <\/p>\n<\/p>\n\t\t\t\t<\/div>\n\n\t\t\t\t<a href=\"https:\/\/www.crnpeyzaj.com\/index.php\/projects-item\/cullinan-hotels\/\" class=\"project-list-link a-btn-arrow-2\" target=\"_blank\">\n\t\t\t\t\t<span class=\"arrow-right\"><\/span>\n\t\t\t\t\tREAD\t\t\t\t<\/a>\n\n\t\t\t<\/div>\n\t\t<\/div>\n\t<\/div>\n<\/div><div class=\"project-list-item js-filter-simple-block\"> \n\t<div class=\"project-list-outer\">\n\n\t\t\t\t<div class=\"trans_figures enable_anima\">\n\t\t\t<svg xmlns=\"http:\/\/www.w3.org\/2000\/svg\"\n\t\t\t   preserveAspectRatio=\"xMidYMid meet\">\n\n\t\t\t     \t\t\t       <polygon fill=\"transparent\" points=\"0,0 200,0 200,200 0,200\"  \/>\n\t\t\t     \n\t\t\t<\/svg>\n\t\t<\/div>\n\t\t\t\t\n\t\t<div class=\"project-list-wrapper\">\n\n\t\t\t<div class=\"project-list-img\"> \n\t\t\t\t<img decoding=\"async\" width=\"1536\" height=\"900\" src=\"https:\/\/www.crnpeyzaj.com\/wp-content\/uploads\/2025\/10\/Istek_Okullari_Ankara_Kampusu_01.jpg\" class=\"s-img-switch wp-post-image\" alt=\"\" srcset=\"https:\/\/www.crnpeyzaj.com\/wp-content\/uploads\/2025\/10\/Istek_Okullari_Ankara_Kampusu_01.jpg 1536w, https:\/\/www.crnpeyzaj.com\/wp-content\/uploads\/2025\/10\/Istek_Okullari_Ankara_Kampusu_01-300x176.jpg 300w, https:\/\/www.crnpeyzaj.com\/wp-content\/uploads\/2025\/10\/Istek_Okullari_Ankara_Kampusu_01-1024x600.jpg 1024w, https:\/\/www.crnpeyzaj.com\/wp-content\/uploads\/2025\/10\/Istek_Okullari_Ankara_Kampusu_01-150x88.jpg 150w, https:\/\/www.crnpeyzaj.com\/wp-content\/uploads\/2025\/10\/Istek_Okullari_Ankara_Kampusu_01-768x450.jpg 768w, https:\/\/www.crnpeyzaj.com\/wp-content\/uploads\/2025\/10\/Istek_Okullari_Ankara_Kampusu_01-500x293.jpg 500w, https:\/\/www.crnpeyzaj.com\/wp-content\/uploads\/2025\/10\/Istek_Okullari_Ankara_Kampusu_01-600x352.jpg 600w\" sizes=\"(max-width: 1536px) 100vw, 1536px\" \/>\t\t\t<\/div>\n\n\t\t\t<div class=\"project-list-content\">\n\n\t\t\t\t \n\n\t\t\t\t<h3 class=\"project-list-title\"><a href=\"https:\/\/www.crnpeyzaj.com\/index.php\/projects-item\/istek-okullari-ankara-kampusu\/\" target=\"_blank\">\u0130STEK OKULLARI ANKARA KAMP\u00dcS\u00dc<\/a><\/h3>\n\t\t\t\t<div class=\"project-list-excerpt\">\n\t\t\t\t\t<p><p><B>\u0130\u015fveren :<\/B> \u0130stek \u0130stanbul E\u011fitim Hizmetleri Anonim \u015eirketi<br \/>\n<B>Proje Tipi :<\/B> Peyzaj Tasar\u0131m Projesi<br \/>\n<B>Konum :<\/B> Ankara<br \/>\n<B>Proje Alan\u0131 :<\/B> 14.366 m2<br \/>\n<B>Uygulama :<\/B> Peyzaj Tasar\u0131m Projesi &#038;Uygulama &#038; Kontroll\u00fck Hizmetleri<br \/>\n<B>Tarih :<\/B> 2024 <\/p>\n<\/p>\n\t\t\t\t<\/div>\n\n\t\t\t\t<a href=\"https:\/\/www.crnpeyzaj.com\/index.php\/projects-item\/istek-okullari-ankara-kampusu\/\" class=\"project-list-link a-btn-arrow-2\" target=\"_blank\">\n\t\t\t\t\t<span class=\"arrow-right\"><\/span>\n\t\t\t\t\tREAD\t\t\t\t<\/a>\n\n\t\t\t<\/div>\n\t\t<\/div>\n\t<\/div>\n<\/div><div class=\"project-list-item js-filter-simple-block\"> \n\t<div class=\"project-list-outer\">\n\n\t\t\t\t<div class=\"trans_figures enable_anima\">\n\t\t\t<svg xmlns=\"http:\/\/www.w3.org\/2000\/svg\"\n\t\t\t   preserveAspectRatio=\"xMidYMid meet\">\n\n\t\t\t     \t\t\t       <polygon fill=\"transparent\" points=\"100,0 180,30 200,100 180,180 100,200 30,180 0,100 30,30\"  \/>\n\t\t\t     \n\t\t\t<\/svg>\n\t\t<\/div>\n\t\t\t\t\n\t\t<div class=\"project-list-wrapper\">\n\n\t\t\t<div class=\"project-list-img\"> \n\t\t\t\t<img loading=\"lazy\" decoding=\"async\" width=\"1536\" height=\"900\" src=\"https:\/\/www.crnpeyzaj.com\/wp-content\/uploads\/2025\/10\/Raxeria_Otel_Manavgat_01.jpg\" class=\"s-img-switch wp-post-image\" alt=\"\" srcset=\"https:\/\/www.crnpeyzaj.com\/wp-content\/uploads\/2025\/10\/Raxeria_Otel_Manavgat_01.jpg 1536w, https:\/\/www.crnpeyzaj.com\/wp-content\/uploads\/2025\/10\/Raxeria_Otel_Manavgat_01-300x176.jpg 300w, https:\/\/www.crnpeyzaj.com\/wp-content\/uploads\/2025\/10\/Raxeria_Otel_Manavgat_01-1024x600.jpg 1024w, https:\/\/www.crnpeyzaj.com\/wp-content\/uploads\/2025\/10\/Raxeria_Otel_Manavgat_01-150x88.jpg 150w, https:\/\/www.crnpeyzaj.com\/wp-content\/uploads\/2025\/10\/Raxeria_Otel_Manavgat_01-768x450.jpg 768w, https:\/\/www.crnpeyzaj.com\/wp-content\/uploads\/2025\/10\/Raxeria_Otel_Manavgat_01-500x293.jpg 500w, https:\/\/www.crnpeyzaj.com\/wp-content\/uploads\/2025\/10\/Raxeria_Otel_Manavgat_01-600x352.jpg 600w\" sizes=\"(max-width: 1536px) 100vw, 1536px\" \/>\t\t\t<\/div>\n\n\t\t\t<div class=\"project-list-content\">\n\n\t\t\t\t \n\n\t\t\t\t<h3 class=\"project-list-title\"><a href=\"https:\/\/www.crnpeyzaj.com\/index.php\/projects-item\/raxeria-otel\/\" target=\"_blank\">RAXERIA OTEL<\/a><\/h3>\n\t\t\t\t<div class=\"project-list-excerpt\">\n\t\t\t\t\t<p><p><B>\u0130\u015fveren :<\/B> Liva Ticaret Turizm Anonim \u015eirketi<br \/>\n<B>Proje Tipi :<\/B> Peyzaj Tasar\u0131m Projesi<br \/>\n<B>Konum :<\/B> \u00c7engel -Manavgat \/ Antalya<br \/>\n<B>Proje Alan\u0131 :<\/B> 19.400 m2<br \/>\n<B>Uygulama :<\/B> Peyzaj Tasar\u0131m Projesi &#038;Uygulama &#038; Kontroll\u00fck Hizmetleri<br \/>\n<B>Tarih :<\/B> 2025-Devam<\/p>\n<\/p>\n\t\t\t\t<\/div>\n\n\t\t\t\t<a href=\"https:\/\/www.crnpeyzaj.com\/index.php\/projects-item\/raxeria-otel\/\" class=\"project-list-link a-btn-arrow-2\" target=\"_blank\">\n\t\t\t\t\t<span class=\"arrow-right\"><\/span>\n\t\t\t\t\tREAD\t\t\t\t<\/a>\n\n\t\t\t<\/div>\n\t\t<\/div>\n\t<\/div>\n<\/div><div class=\"project-list-item js-filter-simple-block column_paralax\"> \n\t<div class=\"project-list-outer\">\n\n\t\t\t\t<div class=\"trans_figures enable_anima\">\n\t\t\t<svg xmlns=\"http:\/\/www.w3.org\/2000\/svg\"\n\t\t\t   preserveAspectRatio=\"xMidYMid meet\">\n\n\t\t\t     \t\t\t       <circle fill=\"transparent\" cx=\"100\" cy=\"100\" r=\"100\"  \/>\n\t\t\t     \n\t\t\t<\/svg>\n\t\t<\/div>\n\t\t\t\t\n\t\t<div class=\"project-list-wrapper\">\n\n\t\t\t<div class=\"project-list-img\"> \n\t\t\t\t<img loading=\"lazy\" decoding=\"async\" width=\"1536\" height=\"900\" src=\"https:\/\/www.crnpeyzaj.com\/wp-content\/uploads\/2025\/10\/Abb_Konyaalti_sahili_01.jpg\" class=\"s-img-switch wp-post-image\" alt=\"\" srcset=\"https:\/\/www.crnpeyzaj.com\/wp-content\/uploads\/2025\/10\/Abb_Konyaalti_sahili_01.jpg 1536w, https:\/\/www.crnpeyzaj.com\/wp-content\/uploads\/2025\/10\/Abb_Konyaalti_sahili_01-300x176.jpg 300w, https:\/\/www.crnpeyzaj.com\/wp-content\/uploads\/2025\/10\/Abb_Konyaalti_sahili_01-1024x600.jpg 1024w, https:\/\/www.crnpeyzaj.com\/wp-content\/uploads\/2025\/10\/Abb_Konyaalti_sahili_01-150x88.jpg 150w, https:\/\/www.crnpeyzaj.com\/wp-content\/uploads\/2025\/10\/Abb_Konyaalti_sahili_01-768x450.jpg 768w, https:\/\/www.crnpeyzaj.com\/wp-content\/uploads\/2025\/10\/Abb_Konyaalti_sahili_01-500x293.jpg 500w, https:\/\/www.crnpeyzaj.com\/wp-content\/uploads\/2025\/10\/Abb_Konyaalti_sahili_01-600x352.jpg 600w\" sizes=\"(max-width: 1536px) 100vw, 1536px\" \/>\t\t\t<\/div>\n\n\t\t\t<div class=\"project-list-content\">\n\n\t\t\t\t \n\n\t\t\t\t<h3 class=\"project-list-title\"><a href=\"https:\/\/www.crnpeyzaj.com\/index.php\/projects-item\/antalya-buyuksehir-belediyesi-konyaalti-sahili\/\" target=\"_blank\">ANTALYA B\u00dcY\u00dcK\u015eEH\u0130R BELED\u0130YES\u0130 KONYAALTI SAH\u0130L\u0130<\/a><\/h3>\n\t\t\t\t<div class=\"project-list-excerpt\">\n\t\t\t\t\t<p><p><B>\u0130\u015fveren :<\/B> Antalya B\u00fcy\u00fck\u015fehir Belediyesi<br \/>\n<B>Proje Tipi :<\/B> Peyzaj Tasar\u0131m Projesi<br \/>\n<B>Konum :<\/B> Konyaalt\u0131 \/ Antalya<br \/>\n<B>Proje Alan\u0131 :<\/B> 879.927 m2<br \/>\n<B>Uygulama :<\/B> Bitkisel Peyzaj Tasar\u0131m Projesi &#038; Kontroll\u00fck Hizmetleri<br \/>\n<B>Tarih :<\/B> 2017-2018<\/p>\n<\/p>\n\t\t\t\t<\/div>\n\n\t\t\t\t<a href=\"https:\/\/www.crnpeyzaj.com\/index.php\/projects-item\/antalya-buyuksehir-belediyesi-konyaalti-sahili\/\" class=\"project-list-link a-btn-arrow-2\" target=\"_blank\">\n\t\t\t\t\t<span class=\"arrow-right\"><\/span>\n\t\t\t\t\tREAD\t\t\t\t<\/a>\n\n\t\t\t<\/div>\n\t\t<\/div>\n\t<\/div>\n<\/div>\t\t<\/div>\n\t\t\t\n\t\t<\/div>\n\t\t\t\t\t\t<\/div>\n\t\t\t\t<\/div>\n\t\t\t\t\t<\/div>\n\t\t\t\t<\/div>\n\t\t\t\t<\/div>\n\t\t","protected":false},"excerpt":{"rendered":"","protected":false},"author":1,"featured_media":0,"parent":0,"menu_order":0,"comment_status":"closed","ping_status":"closed","template":"elementor_header_footer","meta":{"footnotes":""},"class_list":["post-3006","page","type-page","status-publish","hentry"],"featured_image_src":"","featured_image_src_square":"","_links":{"self":[{"href":"https:\/\/www.crnpeyzaj.com\/index.php\/wp-json\/wp\/v2\/pages\/3006","targetHints":{"allow":["GET"]}}],"collection":[{"href":"https:\/\/www.crnpeyzaj.com\/index.php\/wp-json\/wp\/v2\/pages"}],"about":[{"href":"https:\/\/www.crnpeyzaj.com\/index.php\/wp-json\/wp\/v2\/types\/page"}],"author":[{"embeddable":true,"href":"https:\/\/www.crnpeyzaj.com\/index.php\/wp-json\/wp\/v2\/users\/1"}],"replies":[{"embeddable":true,"href":"https:\/\/www.crnpeyzaj.com\/index.php\/wp-json\/wp\/v2\/comments?post=3006"}],"version-history":[{"count":259,"href":"https:\/\/www.crnpeyzaj.com\/index.php\/wp-json\/wp\/v2\/pages\/3006\/revisions"}],"predecessor-version":[{"id":8340,"href":"https:\/\/www.crnpeyzaj.com\/index.php\/wp-json\/wp\/v2\/pages\/3006\/revisions\/8340"}],"wp:attachment":[{"href":"https:\/\/www.crnpeyzaj.com\/index.php\/wp-json\/wp\/v2\/media?parent=3006"}],"curies":[{"name":"wp","href":"https:\/\/api.w.org\/{rel}","templated":true}]}}