{"id":4305,"date":"2023-11-01T06:31:41","date_gmt":"2023-11-01T06:31:41","guid":{"rendered":"https:\/\/prague.foxthemes.me\/elementor\/?page_id=4305"},"modified":"2025-12-25T11:13:24","modified_gmt":"2025-12-25T08:13:24","slug":"hizmetlerimiz","status":"publish","type":"page","link":"https:\/\/www.crnpeyzaj.com\/index.php\/hizmetlerimiz\/","title":{"rendered":"Hizmetlerimiz"},"content":{"rendered":"\t\t<div data-elementor-type=\"wp-page\" data-elementor-id=\"4305\" class=\"elementor elementor-4305\">\n\t\t\t\t<div class=\"elementor-element elementor-element-5f0bd10 e-con-full animated-slow e-flex elementor-invisible e-con e-parent\" data-id=\"5f0bd10\" data-element_type=\"container\" data-e-type=\"container\" data-settings=\"{&quot;background_background&quot;:&quot;slideshow&quot;,&quot;background_slideshow_gallery&quot;:[{&quot;id&quot;:7758,&quot;url&quot;:&quot;https:\\\/\\\/www.crnpeyzaj.com\\\/wp-content\\\/uploads\\\/2025\\\/10\\\/Sunis_Kumkoy_Beach_Resort_02.jpg&quot;}],&quot;animation&quot;:&quot;fadeIn&quot;,&quot;shape_divider_top&quot;:&quot;tilt&quot;,&quot;background_slideshow_loop&quot;:&quot;yes&quot;,&quot;background_slideshow_slide_duration&quot;:5000,&quot;background_slideshow_slide_transition&quot;:&quot;fade&quot;,&quot;background_slideshow_transition_duration&quot;:500}\">\n\t\t\t\t<div class=\"elementor-shape elementor-shape-top\" aria-hidden=\"true\" data-negative=\"false\">\n\t\t\t<svg xmlns=\"http:\/\/www.w3.org\/2000\/svg\" viewBox=\"0 0 1000 100\" preserveAspectRatio=\"none\">\n\t<path class=\"elementor-shape-fill\" d=\"M0,6V0h1000v100L0,6z\"\/>\n<\/svg>\t\t<\/div>\n\t\t\t\t<div class=\"elementor-element elementor-element-a26d360 elementor-widget__width-inherit elementor-invisible elementor-widget elementor-widget-banner-title\" data-id=\"a26d360\" data-element_type=\"widget\" data-e-type=\"widget\" data-settings=\"{&quot;_animation&quot;:&quot;fadeInDown&quot;}\" data-widget_type=\"banner-title.default\">\n\t\t\t\t<div class=\"elementor-widget-container\">\n\t\t\t\t\t\t\t<section class=\"container-fluid top-banner no-padd  simple fullheight light\">\t\t\t\t<span class=\"overlay\"><\/span>\n\t\t\t\t\t\t<div class=\"content\">\n\t\t\t\t<div class=\"prague-svg-animation-text\">\n\t\t\t\t\t\t\t\t\t<\/div>\n\t\t\t\t<div class=\"subtitle\">HER DETAY \u00d6NEML\u0130<\/div>\t\t\t\t<h1 class=\"title\">Do\u011fay\u0131 estetikle bulu\u015fturuyoruz<\/h1>\t\t\t\t\t\t\t\t\t\t\t<\/div>\n\t\t\t<div class=\"top-banner-cursor\"><\/div>\n\t\t<\/section>\n\t\t\t\t\t\t<\/div>\n\t\t\t\t<\/div>\n\t\t\t\t<\/div>\n\t\t<div class=\"elementor-element elementor-element-ea750c0 e-con-full e-flex e-con e-parent\" data-id=\"ea750c0\" data-element_type=\"container\" data-e-type=\"container\" data-settings=\"{&quot;background_background&quot;:&quot;slideshow&quot;,&quot;background_slideshow_gallery&quot;:[{&quot;id&quot;:8154,&quot;url&quot;:&quot;https:\\\/\\\/crnpeyzaj.antalyadizayn.net\\\/wp-content\\\/uploads\\\/2025\\\/10\\\/Objeler_03.jpg&quot;}],&quot;background_slideshow_loop&quot;:&quot;yes&quot;,&quot;background_slideshow_slide_duration&quot;:5000,&quot;background_slideshow_slide_transition&quot;:&quot;fade&quot;,&quot;background_slideshow_transition_duration&quot;:500}\">\n\t\t\t\t<div class=\"elementor-element elementor-element-5e944b5 elementor-widget elementor-widget-prague-wrapper\" data-id=\"5e944b5\" data-element_type=\"widget\" data-e-type=\"widget\" data-widget_type=\"prague-wrapper.default\">\n\t\t\t\t<div class=\"elementor-widget-container\">\n\t\t\t\t\t\t\t\t<div class=\"prague-shortcode-parent \">\n\t\t\t\t<div class=\"prague-shortcode-parent-img\">\n\t\t\t\t\t<span class=\"overlay\"><\/span>\n\t\t\t\t\t\t\t\t\t<\/div>\n\t\t\t\t\n\t\t\t\t<div class=\"prague-shortcode-content-wrapp\">\n\t\t\t\t\t<div class=\"prague-shortcode-heading  light left\">\n\t\t\t\t\t\t\t\t\t\t\t\t\t<div class=\"parent-subtitle \">2005&#039;den beri...<\/div class=\"subtitle\">\n\t\t\t\t\t\t\n\t\t\t\t\t\t\t\t\t\t\t\t\t<h2 class=\"parent-title\">H\u0130ZMETLER\u0130M\u0130Z<\/h2>\n\t\t\t\t\t\t\t\t\t\t\t<\/div>\n\t\t\t\t\n\t\t\t\t\t\t\t\t\t<\/div>\n\t\t\t\t\n\t\t\t<\/div>\n\t\t\t\t\t\t\t<\/div>\n\t\t\t\t<\/div>\n\t\t\t\t<\/div>\n\t\t<div class=\"elementor-element elementor-element-5161084 services_section_about_me_page prague-shortcode-parent e-flex e-con-boxed e-con e-parent\" data-id=\"5161084\" data-element_type=\"container\" data-e-type=\"container\">\n\t\t\t\t\t<div class=\"e-con-inner\">\n\t\t\t\t<div class=\"elementor-element elementor-element-6a9661d elementor-widget__width-inherit elementor-widget elementor-widget-custom-post-type-widget\" data-id=\"6a9661d\" data-element_type=\"widget\" data-e-type=\"widget\" data-widget_type=\"custom-post-type-widget.default\">\n\t\t\t\t<div class=\"elementor-widget-container\">\n\t\t\t\t\t<div data-unique-key=\"0bf3c8aa9017e52dd041b7e2c3327621\" class=\"js-load-more\" data-start-page=\"1\" data-max-page=\"3\" data-next-link=\"https:\/\/www.crnpeyzaj.com\/index.php\/wp-json\/wp\/v2\/pages\/4305\/page\/2\/\"><div class=\"row prague_services prague_count_col3 prague_gap_col15 js-load-more-block no-footer-content prague-load-wrapper\" data-columns=\"prague_count_col3\" data-gap=\"prague_gap_col15\">\n<div class=\"portfolio-item-wrapp prague_filter_class js-filter-simple-block\">\n\t<div class=\"portfolio-item\">\n\n\t\t<div class=\"prague-services-wrapper\">\n\t\t\t\t\t\t\t<span class=\"services-item-icon fa fa-user\"><\/span>\n\t\t\t \n\t\t\t<h3 class=\"services-item-title\">Dan\u0131\u015fmanl\u0131k<\/h3>\n\t\t\t<div class=\"services-item-description\">\n\t\t\t\t<p>Ekibimiz, projelerin tasar\u0131m ve uygulama s\u00fcre\u00e7lerini ba\u015ftan sona y\u00f6neterek estetik ve i\u015flevselli\u011fi bir arada sunar.<\/p>\n\t\t\t<\/div>\n\t\t\t\t\t\t<a href=\"https:\/\/www.crnpeyzaj.com\/index.php\/services-item\/danismanlik\/\" class=\"prague-services-link a-btn-2 creative\" target=\"_blank\">\n\t\t\t\t<span class=\"a-btn-line\"><\/span>\n\t\t\t    READ\t\t\t<\/a>\n\n\t\t<\/div>\n\n\t<\/div>\n<\/div>\n<div class=\"portfolio-item-wrapp prague_filter_class js-filter-simple-block column_paralax\">\n\t<div class=\"portfolio-item\">\n\n\t\t<div class=\"prague-services-wrapper\">\n\t\t\t\t\t\t\t<span class=\"services-item-icon fa fa-envira\"><\/span>\n\t\t\t \n\t\t\t<h3 class=\"services-item-title\">Uygulama<\/h3>\n\t\t\t<div class=\"services-item-description\">\n\t\t\t\t<p>T\u00fcm uygulama ve dan\u0131\u015fmanl\u0131k hizmetlerimizde kalite, verimlilik ve m\u00fc\u015fteri memnuniyetini \u00f6ncelikli hedef olarak benimseriz.<\/p>\n\t\t\t<\/div>\n\t\t\t\t\t\t<a href=\"https:\/\/www.crnpeyzaj.com\/index.php\/services-item\/uygulama\/\" class=\"prague-services-link a-btn-2 creative\" target=\"_blank\">\n\t\t\t\t<span class=\"a-btn-line\"><\/span>\n\t\t\t    READ\t\t\t<\/a>\n\n\t\t<\/div>\n\n\t<\/div>\n<\/div>\n<div class=\"portfolio-item-wrapp prague_filter_class js-filter-simple-block\">\n\t<div class=\"portfolio-item\">\n\n\t\t<div class=\"prague-services-wrapper\">\n\t\t\t\t\t\t\t<span class=\"services-item-icon fa fa-cogs\"><\/span>\n\t\t\t \n\t\t\t<h3 class=\"services-item-title\">Proje Tasar\u0131m<\/h3>\n\t\t\t<div class=\"services-item-description\">\n\t\t\t\t<p>Her proje, do\u011fa ve insan odakl\u0131 yakla\u015f\u0131m\u0131m\u0131zla, ekonomik ve s\u00fcrd\u00fcr\u00fclebilir \u00e7\u00f6z\u00fcmlerle hayata ge\u00e7irilir.<\/p>\n\t\t\t<\/div>\n\t\t\t\t\t\t<a href=\"https:\/\/www.crnpeyzaj.com\/index.php\/services-item\/proje-tasarim\/\" class=\"prague-services-link a-btn-2 creative\" target=\"_blank\">\n\t\t\t\t<span class=\"a-btn-line\"><\/span>\n\t\t\t    READ\t\t\t<\/a>\n\n\t\t<\/div>\n\n\t<\/div>\n<\/div>\t\t<\/div>\n\t\t\t\n\t\t<\/div>\n\t\t\t\t\t\t<\/div>\n\t\t\t\t<\/div>\n\t\t\t\t\t<\/div>\n\t\t\t\t<\/div>\n\t\t<div class=\"elementor-element elementor-element-c9b4ec9 e-flex e-con-boxed e-con e-parent\" data-id=\"c9b4ec9\" data-element_type=\"container\" data-e-type=\"container\">\n\t\t\t\t\t<div class=\"e-con-inner\">\n\t\t\t\t<div class=\"elementor-element elementor-element-b39fb21 elementor-widget elementor-widget-headings-widget\" data-id=\"b39fb21\" data-element_type=\"widget\" data-e-type=\"widget\" data-widget_type=\"headings-widget.default\">\n\t\t\t\t<div class=\"elementor-widget-container\">\n\t\t\t\t\t            <div class=\"heading  left dark \">\n\t\t\t\t\n\t\t\t\t                    <div class=\"subtitle \">Her projeye uygun estetik ve fonksiyonel se\u00e7enekler<\/div>\n                                                    <h2 class=\"title s\">\u00dcR\u00dcN \u00c7E\u015e\u0130TLER\u0130M\u0130Z<\/h2>\n                \t\t\t\t                <div class=\"content \">\n                    <div class=\"wrap mcb-wrap two-fifth valign-top clearfix\"><div class=\"mcb-wrap-inner\"><div class=\"column mcb-column one column_placeholder\"><div class=\"placeholder\">\u00a0<\/div><\/div><\/div><\/div><div class=\"wrap mcb-wrap three-fifth valign-top clearfix\"><div class=\"mcb-wrap-inner\"><div class=\"column mcb-column two-third column_column\"><div class=\"column_attr clearfix\"><ul class=\"list_check\"><li>A\u011fa\u00e7 Gruplar\u0131<\/li><li>\u00c7al\u0131 Gruplar\u0131<\/li><li>Yer \u00d6rt\u00fcc\u00fcler<\/li><li>Mevsimlik \u00dcr\u00fcn \u00c7e\u015fitleri<\/li><li>Saks\u0131 ve Objeler<\/li><li>Yap\u0131sal ve Bitkisel Peyzaj Ekipmanlar\u0131<\/li><\/ul><\/div><\/div><\/div><\/div><\/div>\n\t\t\t\t\n            <\/div>\n\t\t\t\t\t\t\t<\/div>\n\t\t\t\t<\/div>\n\t\t\t\t\t<\/div>\n\t\t\t\t<\/div>\n\t\t<div class=\"elementor-element elementor-element-076319d e-flex e-con-boxed e-con e-parent\" data-id=\"076319d\" data-element_type=\"container\" data-e-type=\"container\">\n\t\t\t\t\t<div class=\"e-con-inner\">\n\t\t\t\t<div class=\"elementor-element elementor-element-ee78d3f elementor-widget elementor-widget-light-slider\" data-id=\"ee78d3f\" data-element_type=\"widget\" data-e-type=\"widget\" data-widget_type=\"light-slider.default\">\n\t\t\t\t<div class=\"elementor-widget-container\">\n\t\t\t\t\t\n\t\t\t\t<div class=\"portfolio-slider-wrap urban_slider\">\n\t\t\t\t\t<div class=\"gallery-top\" id=\"6f4fb72\"\n\t\t\t\t\t     data-id=\"thumb6f4fb72\"\n\t\t\t\t\t     data-autoplay=\"no\"\n\t\t\t\t\t     data-autoplayspeed=\"5000\"\n\t\t\t\t\t     data-speed=\"1500\">\n\n\t\t\t\t\t\t\n\t\t\t\t\t\t\t<div class=\"gallery-top-slide\">\n\t\t\t\t\t\t\t\t<img decoding=\"async\" src=\"https:\/\/www.crnpeyzaj.com\/wp-content\/uploads\/2025\/10\/fidanlik_16.jpg\" class=\"s-img-switch\" alt=\"\" \/>\t\t\t\t\t\t\t<\/div>\n\n\t\t\t\t\t\t\n\t\t\t\t\t\t\t<div class=\"gallery-top-slide\">\n\t\t\t\t\t\t\t\t<img decoding=\"async\" src=\"https:\/\/www.crnpeyzaj.com\/wp-content\/uploads\/2025\/10\/saksilar_dikey_07.jpg\" class=\"s-img-switch\" alt=\"\" \/>\t\t\t\t\t\t\t<\/div>\n\n\t\t\t\t\t\t\n\t\t\t\t\t\t\t<div class=\"gallery-top-slide\">\n\t\t\t\t\t\t\t\t<img decoding=\"async\" src=\"https:\/\/www.crnpeyzaj.com\/wp-content\/uploads\/2025\/10\/Oyun_sahalari_02.jpg\" class=\"s-img-switch\" alt=\"\" \/>\t\t\t\t\t\t\t<\/div>\n\n\t\t\t\t\t\t\n\t\t\t\t\t\t\t<div class=\"gallery-top-slide\">\n\t\t\t\t\t\t\t\t<img decoding=\"async\" src=\"https:\/\/www.crnpeyzaj.com\/wp-content\/uploads\/2025\/10\/Objeler_11.jpg\" class=\"s-img-switch\" alt=\"\" \/>\t\t\t\t\t\t\t<\/div>\n\n\t\t\t\t\t\t\n\t\t\t\t\t\t\t<div class=\"gallery-top-slide\">\n\t\t\t\t\t\t\t\t<img decoding=\"async\" src=\"https:\/\/www.crnpeyzaj.com\/wp-content\/uploads\/2025\/10\/Bitki_Duvari_02.jpg\" class=\"s-img-switch\" alt=\"\" \/>\t\t\t\t\t\t\t<\/div>\n\n\t\t\t\t\t\t\n\t\t\t\t\t<\/div>\n\n\t\t\t\t\t<div class=\"gallery-thumb\" id=\"thumb6f4fb72\"\n\t\t\t\t\t     data-id=\"6f4fb72\"\n\t\t\t\t\t     data-autoplay=\"no\"\n\t\t\t\t\t     data-autoplayspeed=\"5000\"\n\t\t\t\t\t     data-speed=\"1500\">\n\t\t\t\t\t\t\t\t\t\t\t\t\t<div class=\"gallery-thumb-slide\">\n                            <span class=\"pagination-bullet\">\n                                <a href=\"https:\/\/www.crnpeyzaj.com\/index.php\/projects-item\/fidanlik\/\"\n                                   target=\"_self\"\n                                   class=\"pagination-title\">F\u0130DANLIK<\/a>\n                                 <i class=\"pagination-category\">SAKSILAR VE OBJELER<\/i>\n                            <\/span>\n\t\t\t\t\t\t\t<\/div>\n\t\t\t\t\t\t\t\t\t\t\t\t\t\t<div class=\"gallery-thumb-slide\">\n                            <span class=\"pagination-bullet\">\n                                <a href=\"https:\/\/www.crnpeyzaj.com\/index.php\/projects-item\/saksilar\/\"\n                                   target=\"_self\"\n                                   class=\"pagination-title\">SAKSILAR<\/a>\n                                 <i class=\"pagination-category\">SAKSILAR VE OBJELER<\/i>\n                            <\/span>\n\t\t\t\t\t\t\t<\/div>\n\t\t\t\t\t\t\t\t\t\t\t\t\t\t<div class=\"gallery-thumb-slide\">\n                            <span class=\"pagination-bullet\">\n                                <a href=\"https:\/\/www.crnpeyzaj.com\/index.php\/projects-item\/oyun-sahalari\/\"\n                                   target=\"_self\"\n                                   class=\"pagination-title\">OYUN SAHALARI<\/a>\n                                 <i class=\"pagination-category\">SAKSILAR VE OBJELER<\/i>\n                            <\/span>\n\t\t\t\t\t\t\t<\/div>\n\t\t\t\t\t\t\t\t\t\t\t\t\t\t<div class=\"gallery-thumb-slide\">\n                            <span class=\"pagination-bullet\">\n                                <a href=\"https:\/\/www.crnpeyzaj.com\/index.php\/projects-item\/objeler\/\"\n                                   target=\"_self\"\n                                   class=\"pagination-title\">OBJELER<\/a>\n                                 <i class=\"pagination-category\">SAKSILAR VE OBJELER<\/i>\n                            <\/span>\n\t\t\t\t\t\t\t<\/div>\n\t\t\t\t\t\t\t\t\t\t\t\t\t\t<div class=\"gallery-thumb-slide\">\n                            <span class=\"pagination-bullet\">\n                                <a href=\"https:\/\/www.crnpeyzaj.com\/index.php\/projects-item\/bitki-duvarlari\/\"\n                                   target=\"_self\"\n                                   class=\"pagination-title\">B\u0130TK\u0130 DUVARLARI<\/a>\n                                 <i class=\"pagination-category\">SAKSILAR VE OBJELER<\/i>\n                            <\/span>\n\t\t\t\t\t\t\t<\/div>\n\t\t\t\t\t\t\t\t\t\t\t\t<\/div>\n\t\t\t\t<\/div>\n\n\t\t\t\t\t\t\t<\/div>\n\t\t\t\t<\/div>\n\t\t\t\t\t<\/div>\n\t\t\t\t<\/div>\n\t\t\t\t<\/div>\n\t\t","protected":false},"excerpt":{"rendered":"","protected":false},"author":1,"featured_media":0,"parent":0,"menu_order":0,"comment_status":"closed","ping_status":"closed","template":"elementor_header_footer","meta":{"footnotes":""},"class_list":["post-4305","page","type-page","status-publish","hentry"],"featured_image_src":"","featured_image_src_square":"","_links":{"self":[{"href":"https:\/\/www.crnpeyzaj.com\/index.php\/wp-json\/wp\/v2\/pages\/4305","targetHints":{"allow":["GET"]}}],"collection":[{"href":"https:\/\/www.crnpeyzaj.com\/index.php\/wp-json\/wp\/v2\/pages"}],"about":[{"href":"https:\/\/www.crnpeyzaj.com\/index.php\/wp-json\/wp\/v2\/types\/page"}],"author":[{"embeddable":true,"href":"https:\/\/www.crnpeyzaj.com\/index.php\/wp-json\/wp\/v2\/users\/1"}],"replies":[{"embeddable":true,"href":"https:\/\/www.crnpeyzaj.com\/index.php\/wp-json\/wp\/v2\/comments?post=4305"}],"version-history":[{"count":140,"href":"https:\/\/www.crnpeyzaj.com\/index.php\/wp-json\/wp\/v2\/pages\/4305\/revisions"}],"predecessor-version":[{"id":8346,"href":"https:\/\/www.crnpeyzaj.com\/index.php\/wp-json\/wp\/v2\/pages\/4305\/revisions\/8346"}],"wp:attachment":[{"href":"https:\/\/www.crnpeyzaj.com\/index.php\/wp-json\/wp\/v2\/media?parent=4305"}],"curies":[{"name":"wp","href":"https:\/\/api.w.org\/{rel}","templated":true}]}}