{"id":5418,"date":"2025-08-17T14:59:17","date_gmt":"2025-08-17T11:59:17","guid":{"rendered":"https:\/\/crnpeyzaj.antalyadizayn.net\/?page_id=5418"},"modified":"2025-12-25T11:13:03","modified_gmt":"2025-12-25T08:13:03","slug":"hakkimizda","status":"publish","type":"page","link":"https:\/\/www.crnpeyzaj.com\/index.php\/hakkimizda\/","title":{"rendered":"Hakk\u0131m\u0131zda"},"content":{"rendered":"\t\t<div data-elementor-type=\"wp-page\" data-elementor-id=\"5418\" class=\"elementor elementor-5418\">\n\t\t\t\t<div class=\"elementor-element elementor-element-eb0e4a8 e-con-full animated-slow e-flex elementor-invisible e-con e-parent\" data-id=\"eb0e4a8\" data-element_type=\"container\" data-e-type=\"container\" data-settings=\"{&quot;background_background&quot;:&quot;slideshow&quot;,&quot;background_slideshow_gallery&quot;:[{&quot;id&quot;:6770,&quot;url&quot;:&quot;https:\\\/\\\/www.crnpeyzaj.com\\\/wp-content\\\/uploads\\\/2025\\\/08\\\/titanic_cullinan_10.jpg&quot;}],&quot;animation&quot;:&quot;fadeIn&quot;,&quot;shape_divider_top&quot;:&quot;tilt&quot;,&quot;background_slideshow_loop&quot;:&quot;yes&quot;,&quot;background_slideshow_slide_duration&quot;:5000,&quot;background_slideshow_slide_transition&quot;:&quot;fade&quot;,&quot;background_slideshow_transition_duration&quot;:500}\">\n\t\t\t\t<div class=\"elementor-shape elementor-shape-top\" aria-hidden=\"true\" data-negative=\"false\">\n\t\t\t<svg xmlns=\"http:\/\/www.w3.org\/2000\/svg\" viewBox=\"0 0 1000 100\" preserveAspectRatio=\"none\">\n\t<path class=\"elementor-shape-fill\" d=\"M0,6V0h1000v100L0,6z\"\/>\n<\/svg>\t\t<\/div>\n\t\t\t\t<div class=\"elementor-element elementor-element-c00f697 elementor-widget__width-inherit animated-slow elementor-invisible elementor-widget elementor-widget-banner-title\" data-id=\"c00f697\" data-element_type=\"widget\" data-e-type=\"widget\" data-settings=\"{&quot;_animation&quot;:&quot;fadeInDown&quot;}\" data-widget_type=\"banner-title.default\">\n\t\t\t\t<div class=\"elementor-widget-container\">\n\t\t\t\t\t\t\t<section class=\"container-fluid top-banner no-padd  big fullheight light\">\t\t\t\t<span class=\"overlay\"><\/span>\n\t\t\t\t\t\t<div class=\"content\">\n\t\t\t\t<div class=\"prague-svg-animation-text\">\n\t\t\t\t\t\t\t\t\t<\/div>\n\t\t\t\t\t\t\t\t<h1 class=\"title\">HAKKIMIZDA<\/h1>\t\t\t\t\t\t\t\t\t\t\t<\/div>\n\t\t\t<div class=\"top-banner-cursor\"><\/div>\n\t\t<\/section>\n\t\t\t\t\t\t<\/div>\n\t\t\t\t<\/div>\n\t\t\t\t<\/div>\n\t\t<div class=\"elementor-element elementor-element-16d75c3 e-flex e-con-boxed e-con e-parent\" data-id=\"16d75c3\" data-element_type=\"container\" data-e-type=\"container\">\n\t\t\t\t\t<div class=\"e-con-inner\">\n\t\t\t\t<div class=\"elementor-element elementor-element-6a15150 elementor-widget__width-inherit elementor-widget elementor-widget-text-editor\" data-id=\"6a15150\" data-element_type=\"widget\" data-e-type=\"widget\" data-widget_type=\"text-editor.default\">\n\t\t\t\t\t\t\t\t\t<h2>CRN PEYZAJ<\/h2><p>2005 y\u0131l\u0131nda Keziban ARICAN taraf\u0131ndan kurularak Peyzaj sekt\u00f6r\u00fcndeki faaliyetlerine ba\u015flam\u0131\u015ft\u0131r.<\/p><p>Proje tasar\u0131mlar\u0131 ile ba\u015flad\u0131\u011f\u0131m\u0131z ser\u00fcvenimiz, ge\u00e7en 20 y\u0131ll\u0131k s\u00fcre boyunca yurt i\u00e7i ve yurt d\u0131\u015f\u0131 olmak \u00fczere ba\u015fta 5 y\u0131ld\u0131zl\u0131 otel projeleri , Al\u0131\u015fveri\u015f merkezi projeleri, E\u011fitim kurumlar\u0131 peyzaj projeleri, Villa-Konut-Rezidans\u00a0 ve sosyal tesislerin peyzaj projelerinin tasarlanmas\u0131 ve dan\u0131\u015fmanl\u0131k hizmetleri ile bug\u00fcne kadar gelmi\u015f olup, bu hizmetlerimiz hala devam etmektedir. \u00dcstlendi\u011fi \u00a0projelerinde kendisine has \u00e7izgileri ve tasar\u0131m anlay\u0131\u015f\u0131 ile s\u00fcrekli geli\u015fen ve de\u011fi\u015fen m\u00fc\u015fteri ihtiya\u00e7lar\u0131na profesyonel \u00e7\u00f6z\u00fcmler \u00fcretmi\u015ftir. Firmam\u0131z, Antalya merkezli bir firma olmas\u0131 nedeniyle, Akdeniz b\u00f6lgesinde yer alan bir\u00e7ok 5 y\u0131ld\u0131zl\u0131 otel projesinin tasar\u0131m\u0131n\u0131 ger\u00e7ekle\u015ftirerek proje tasar\u0131m\u0131 konusunda \u00f6nder firmalardan birisi haline gelmi\u015ftir.<\/p><p>Ge\u00e7en bu s\u00fcre zarf\u0131nda \u015firketimiz bu hizmetlerinin yan\u0131nda, i\u015f alan\u0131 ve kapsam\u0131n\u0131 geni\u015fleterek bitkisel ve yap\u0131sal uygulama i\u015fleri ile birlikte, 2012 y\u0131l\u0131nda faaliyete ge\u00e7irmi\u015f oldu\u011fumuz seralar\u0131m\u0131zda, i\u00e7 ve d\u0131\u015f mekan bitki \u00fcretimi yapmakta bununla birlikte \u00e7at\u0131 bah\u00e7eleri,dikey bah\u00e7eler,fiber objeler,saks\u0131 ve yap\u0131sal peyzaj \u00fcr\u00fcnleri de pazarlamaktad\u0131r.<\/p><p>T\u00fcm bu hizmetler konusunda profesyonel ve tecr\u00fcbeli, do\u011faya ve ye\u015file tutkusu olan\u00a0 teknik kadro ve ekiplerle yap\u0131lmaktad\u0131r. CRN peyzaj g\u00f6stermi\u015f oldu\u011fu istikrarl\u0131 geli\u015fme ile sekt\u00f6rdeki yerini g\u00fcnden g\u00fcne sa\u011flamla\u015ft\u0131rmaktad\u0131r.<\/p>\t\t\t\t\t\t\t\t<\/div>\n\t\t\t\t\t<\/div>\n\t\t\t\t<\/div>\n\t\t<div class=\"elementor-element elementor-element-e54450f e-flex e-con-boxed e-con e-parent\" data-id=\"e54450f\" data-element_type=\"container\" data-e-type=\"container\">\n\t\t\t\t\t<div class=\"e-con-inner\">\n\t\t<div class=\"elementor-element elementor-element-7a75bbb e-con-full e-flex e-con e-child\" data-id=\"7a75bbb\" data-element_type=\"container\" data-e-type=\"container\">\n\t\t\t\t<div class=\"elementor-element elementor-element-dcef9e7 elementor-widget elementor-widget-text-editor\" data-id=\"dcef9e7\" data-element_type=\"widget\" data-e-type=\"widget\" data-widget_type=\"text-editor.default\">\n\t\t\t\t\t\t\t\t\t<h3>M\u0130SYON &#8211; V\u0130ZYON &#8211; \u0130LKELER\u0130M\u0130Z<\/h3><p><strong>Misyonumuz<\/strong><\/p><p>\u00c7evre, do\u011fa ve insan bilincine sahip olarak, m\u00fc\u015fteri memnuniyetini en \u00fcst seviyede tutarak ya\u015fanabilir ortamlar olu\u015fturulmas\u0131na yard\u0131mc\u0131 olmak.<\/p><p><strong>Vizyon ve \u0130lkelerimiz<\/strong><\/p><p>M\u00fc\u015fteri memnuniyeti ve de\u011fer odakl\u0131 olarak cal\u0131\u015fan CRN Peyzaj faaliyetlerini \u015fu ilkeler \u0131\u015f\u0131\u011f\u0131nda s\u00fcrd\u00fcrmektedir;<\/p><ul><li>Do\u011faya ve insana sayg\u0131l\u0131 olmak,<\/li><li>M\u00fc\u015fteri memnuniyetini en \u00fcst seviyede tutmak,<\/li><li>Kaliteden \u00f6d\u00fcn vermeden, maliyetleri azaltarak h\u0131zl\u0131 i\u015f yapmak,<\/li><li>D\u00fcr\u00fcst, g\u00fcvenilir ve ahlakl\u0131 olmak,<\/li><li>Yenilik\u00e7i ve teknolojik geli\u015fmelere a\u00e7\u0131k olmak,<\/li><li>Sekt\u00f6r\u00fcnde hizmet anlay\u0131\u015fl\u0131 \u00f6rnek ve \u00f6nder olmak,<\/li><li>Sorumluluk alarak geli\u015fime ve de\u011fi\u015fime katk\u0131da bulunmak,<\/li><li>\u0130\u015fe farkl\u0131 a\u00e7\u0131lardan bakarak yarat\u0131c\u0131 olmak.<\/li><\/ul><h3>\u00a0<\/h3>\t\t\t\t\t\t\t\t<\/div>\n\t\t\t\t<\/div>\n\t\t<div class=\"elementor-element elementor-element-189215b e-con-full e-flex e-con e-child\" data-id=\"189215b\" data-element_type=\"container\" data-e-type=\"container\">\n\t\t\t\t<div class=\"elementor-element elementor-element-a4af7d2 elementor-widget elementor-widget-image\" data-id=\"a4af7d2\" data-element_type=\"widget\" data-e-type=\"widget\" data-widget_type=\"image.default\">\n\t\t\t\t\t\t\t\t\t\t\t\t\t\t\t<img decoding=\"async\" src=\"https:\/\/www.crnpeyzaj.com\/wp-content\/uploads\/elementor\/thumbs\/delphin_imperial_hotel_9-rgmricm9t9dntdurcjf6yq50ic4walt886zjp6ylww.jpg\" title=\"delphin_imperial_hotel_9\" alt=\"delphin_imperial_hotel_9\" loading=\"lazy\" \/>\t\t\t\t\t\t\t\t\t\t\t\t\t\t\t<\/div>\n\t\t\t\t<\/div>\n\t\t\t\t\t<\/div>\n\t\t\t\t<\/div>\n\t\t<div class=\"elementor-element elementor-element-c3926a3 e-flex e-con-boxed e-con e-parent\" data-id=\"c3926a3\" data-element_type=\"container\" data-e-type=\"container\">\n\t\t\t\t\t<div class=\"e-con-inner\">\n\t\t\t\t<div class=\"elementor-element elementor-element-c908057 elementor-widget elementor-widget-text-editor\" data-id=\"c908057\" data-element_type=\"widget\" data-e-type=\"widget\" data-widget_type=\"text-editor.default\">\n\t\t\t\t\t\t\t\t\t<h3>\u0130\u015f Sa\u011fl\u0131\u011f\u0131 &#8211; G\u00fcvenli\u011fi ve \u00c7evre Politikam\u0131z<\/h3><p>CRN Peyzaj\u2019\u0131n\u00a0 \u00fcstlenmi\u015f oldu\u011fu t\u00fcm projelerinde, \u0130\u015f sa\u011fl\u0131\u011f\u0131 ve g\u00fcvenli\u011fi de\u011ferlerini korumak ve \u00e7evreyi etkileyen fakt\u00f6rleri minimize etmek temel \u00f6nceliklerinden birisidir. Bu ama\u00e7 do\u011frultusunda;<\/p><ul><li>Konusunda profesyonel ki\u015fi ve kurulu\u015flarla \u00e7al\u0131\u015farak i\u015f ve i\u015f\u00e7i sa\u011fl\u0131\u011f\u0131 risklerini minimize etmeyi ve \u00f6nlemeyi,<\/li><li>Gerekli t\u00fcm e\u011fitim ve \u00f6rnek uygulamalar\u0131 g\u00f6stererek \u00e7al\u0131\u015fanlar\u0131 bilin\u00e7lendirmeyi,<\/li><li>\u00c7evre fakt\u00f6rlerini de\u011ferlendirerek \u00e7evrenin kirlenmesini \u00f6nleyecek tedbirlerin al\u0131nmas\u0131n\u0131 sa\u011flamay\u0131,<\/li><li>Y\u00fcr\u00fcrl\u00fckteki yasalarla m\u00fc\u015fterimizin \u015fartlar\u0131n\u0131 de\u011ferlendirerek ortak bir noktada bulu\u015fturmay\u0131,<\/li><li>Do\u011fal kaynak kullan\u0131m\u0131n\u0131 azaltarak daha etkin kullan\u0131m\u0131 artt\u0131rmay\u0131,<\/li><li>Yenilik ve geli\u015fmeleri s\u00fcrekli takip ederek, de\u011fi\u015fen ve geli\u015fen sistemlere adapte olmay\u0131,<\/li><\/ul><p>Projelerimiz de g\u00f6z \u00f6n\u00fcne al\u0131r ve taahh\u00fct ederiz.<\/p>\t\t\t\t\t\t\t\t<\/div>\n\t\t\t\t\t<\/div>\n\t\t\t\t<\/div>\n\t\t<div class=\"elementor-element elementor-element-467a010 e-flex e-con-boxed e-con e-parent\" data-id=\"467a010\" data-element_type=\"container\" data-e-type=\"container\">\n\t\t\t\t\t<div class=\"e-con-inner\">\n\t\t\t\t<div class=\"elementor-element elementor-element-e16ec0a elementor-widget elementor-widget-image\" data-id=\"e16ec0a\" data-element_type=\"widget\" data-e-type=\"widget\" data-widget_type=\"image.default\">\n\t\t\t\t\t\t\t\t\t\t\t\t\t\t\t<img fetchpriority=\"high\" decoding=\"async\" width=\"1024\" height=\"600\" src=\"https:\/\/www.crnpeyzaj.com\/wp-content\/uploads\/2025\/08\/seher_otel_1-1024x600.jpg\" class=\"attachment-large size-large wp-image-6580\" alt=\"\" srcset=\"https:\/\/www.crnpeyzaj.com\/wp-content\/uploads\/2025\/08\/seher_otel_1-1024x600.jpg 1024w, https:\/\/www.crnpeyzaj.com\/wp-content\/uploads\/2025\/08\/seher_otel_1-300x176.jpg 300w, https:\/\/www.crnpeyzaj.com\/wp-content\/uploads\/2025\/08\/seher_otel_1-150x88.jpg 150w, https:\/\/www.crnpeyzaj.com\/wp-content\/uploads\/2025\/08\/seher_otel_1-768x450.jpg 768w, https:\/\/www.crnpeyzaj.com\/wp-content\/uploads\/2025\/08\/seher_otel_1-500x293.jpg 500w, https:\/\/www.crnpeyzaj.com\/wp-content\/uploads\/2025\/08\/seher_otel_1-600x352.jpg 600w, https:\/\/www.crnpeyzaj.com\/wp-content\/uploads\/2025\/08\/seher_otel_1.jpg 1536w\" sizes=\"(max-width: 1024px) 100vw, 1024px\" \/>\t\t\t\t\t\t\t\t\t\t\t\t\t\t\t<\/div>\n\t\t\t\t<div class=\"elementor-element elementor-element-5127938 elementor-widget elementor-widget-text-editor\" data-id=\"5127938\" data-element_type=\"widget\" data-e-type=\"widget\" data-widget_type=\"text-editor.default\">\n\t\t\t\t\t\t\t\t\t<p data-start=\"160\" data-end=\"418\">Her i\u015fi, her detay\u0131<\/p><h2 data-start=\"160\" data-end=\"418\">Sevgiyle yap\u0131yoruz<\/h2><p data-start=\"160\" data-end=\"418\">Ekibimiz; bir fikrin olu\u015fumundan, konseptin geli\u015ftirilmesine ve ger\u00e7e\u011fe d\u00f6n\u00fc\u015fmesine kadar s\u00fcrecin tamam\u0131n\u0131 \u00fcstlenir.<br data-start=\"276\" data-end=\"279\" \/>Geleneklere inan\u0131r, onlar\u0131 yeniliklerimizle harmanlar\u0131z. Projelerimizin her biri, \u00f6zg\u00fcn bir sanatsal dokunu\u015f ve i\u015flevsel \u00e7\u00f6z\u00fcmler i\u00e7erir.<\/p><p data-start=\"420\" data-end=\"573\"><strong data-start=\"420\" data-end=\"450\">M\u00fc\u015fteri, projenin ruhudur.<\/strong><br data-start=\"450\" data-end=\"453\" \/>Amac\u0131m\u0131z, onun de\u011ferlerini ve ki\u015fili\u011fini tasar\u0131ma yans\u0131tmakt\u0131r. Bu y\u00fczden dileklerinizi duymak i\u00e7in sab\u0131rs\u0131zlan\u0131yoruz.<\/p>\t\t\t\t\t\t\t\t<\/div>\n\t\t\t\t\t<\/div>\n\t\t\t\t<\/div>\n\t\t\t\t<\/div>\n\t\t","protected":false},"excerpt":{"rendered":"<p>CRN PEYZAJ 2005 y\u0131l\u0131nda Keziban ARICAN taraf\u0131ndan kurularak Peyzaj sekt\u00f6r\u00fcndeki faaliyetlerine ba\u015flam\u0131\u015ft\u0131r. Proje tasar\u0131mlar\u0131 ile ba\u015flad\u0131\u011f\u0131m\u0131z ser\u00fcvenimiz, ge\u00e7en 20 y\u0131ll\u0131k<\/p>\n","protected":false},"author":1,"featured_media":5532,"parent":0,"menu_order":0,"comment_status":"closed","ping_status":"closed","template":"elementor_header_footer","meta":{"footnotes":""},"class_list":["post-5418","page","type-page","status-publish","has-post-thumbnail","hentry"],"featured_image_src":"https:\/\/www.crnpeyzaj.com\/wp-content\/uploads\/2025\/08\/logo-1-e1755524568472.png","featured_image_src_square":"https:\/\/www.crnpeyzaj.com\/wp-content\/uploads\/2025\/08\/logo-1-e1755524568472.png","_links":{"self":[{"href":"https:\/\/www.crnpeyzaj.com\/index.php\/wp-json\/wp\/v2\/pages\/5418","targetHints":{"allow":["GET"]}}],"collection":[{"href":"https:\/\/www.crnpeyzaj.com\/index.php\/wp-json\/wp\/v2\/pages"}],"about":[{"href":"https:\/\/www.crnpeyzaj.com\/index.php\/wp-json\/wp\/v2\/types\/page"}],"author":[{"embeddable":true,"href":"https:\/\/www.crnpeyzaj.com\/index.php\/wp-json\/wp\/v2\/users\/1"}],"replies":[{"embeddable":true,"href":"https:\/\/www.crnpeyzaj.com\/index.php\/wp-json\/wp\/v2\/comments?post=5418"}],"version-history":[{"count":310,"href":"https:\/\/www.crnpeyzaj.com\/index.php\/wp-json\/wp\/v2\/pages\/5418\/revisions"}],"predecessor-version":[{"id":8343,"href":"https:\/\/www.crnpeyzaj.com\/index.php\/wp-json\/wp\/v2\/pages\/5418\/revisions\/8343"}],"wp:featuredmedia":[{"embeddable":true,"href":"https:\/\/www.crnpeyzaj.com\/index.php\/wp-json\/wp\/v2\/media\/5532"}],"wp:attachment":[{"href":"https:\/\/www.crnpeyzaj.com\/index.php\/wp-json\/wp\/v2\/media?parent=5418"}],"curies":[{"name":"wp","href":"https:\/\/api.w.org\/{rel}","templated":true}]}}